{"id":6,"date":"2012-12-23T14:05:58","date_gmt":"2012-12-23T12:05:58","guid":{"rendered":"http:\/\/staging.mostosibrothers.ch\/?page_id=6"},"modified":"2022-02-01T15:32:44","modified_gmt":"2022-02-01T13:32:44","slug":"angebot","status":"publish","type":"page","link":"https:\/\/www.mostosibrothers.ch\/WP\/angebot\/","title":{"rendered":"Angebot"},"content":{"rendered":"\n<p>Unser Repertoire ist vielseitig:<\/p>\n\n\n\n<ul class=\"wp-block-list\"><li>Country<\/li><li>Schlager<\/li><li>Hits<\/li><li>Evergreens<\/li><\/ul>\n\n\n\n<p>Tanzmusik f\u00fcr Veranstaltungen, Hochzeiten, Vereinsanl\u00e4sse, Geburtstagsfeste, Jubil\u00e4en<\/p>\n\n\n\n<div class=\"wp-block-image\"><figure class=\"alignleft\"><img loading=\"lazy\" decoding=\"async\" width=\"500\" height=\"333\" src=\"http:\/\/staging.mostosibrothers.ch\/wp-content\/uploads\/mostosibrothers-interlaken.jpg\" alt=\"mostosi brothers aus interlaken, duo, Unterhaltungsmusik, Tanzmusik, Alleinunterhalter\" class=\"wp-image-220\" srcset=\"https:\/\/www.mostosibrothers.ch\/WP\/wp-content\/uploads\/mostosibrothers-interlaken.jpg 500w, https:\/\/www.mostosibrothers.ch\/WP\/wp-content\/uploads\/mostosibrothers-interlaken-300x199.jpg 300w\" sizes=\"auto, (max-width: 500px) 100vw, 500px\" \/><\/figure><\/div>\n\n\n\n<p><br><a href=\"http:\/\/staging.mostosibrothers.ch\/wp-content\/uploads\/SFO-GG-TW-Banner-500.jpg\"><img loading=\"lazy\" decoding=\"async\" width=\"500\" height=\"248\" class=\"alignnone size-full wp-image-183\" src=\"http:\/\/staging.mostosibrothers.ch\/wp-content\/uploads\/SFO-GG-TW-Banner-500.jpg\" alt=\"mostosi brothers san francisco country interlaken duo\" srcset=\"https:\/\/www.mostosibrothers.ch\/WP\/wp-content\/uploads\/SFO-GG-TW-Banner-500.jpg 500w, https:\/\/www.mostosibrothers.ch\/WP\/wp-content\/uploads\/SFO-GG-TW-Banner-500-300x148.jpg 300w\" sizes=\"auto, (max-width: 500px) 100vw, 500px\" \/><\/a><br>Unser Repertoire von Countrysongs ist vielseitig und abendf\u00fcllend.<\/p>\n\n\n\n<figure class=\"wp-block-image\"><a href=\"http:\/\/staging.mostosibrothers.ch\/wp-content\/uploads\/brothers-mexico.jpg\"><img loading=\"lazy\" decoding=\"async\" width=\"267\" height=\"400\" src=\"http:\/\/staging.mostosibrothers.ch\/wp-content\/uploads\/brothers-mexico.jpg\" alt=\"mostosi brothers interlaken mexiko Musik duo\" class=\"wp-image-174\" srcset=\"https:\/\/www.mostosibrothers.ch\/WP\/wp-content\/uploads\/brothers-mexico.jpg 267w, https:\/\/www.mostosibrothers.ch\/WP\/wp-content\/uploads\/brothers-mexico-200x300.jpg 200w\" sizes=\"auto, (max-width: 267px) 100vw, 267px\" \/><\/a><\/figure>\n\n\n\n<p>Rassige Musik aus&nbsp;Mexiko und Lateinamerika&nbsp;als Einlage (10 Min. bis 2 Std.) oder von Tisch zu Tisch mit Kost\u00fcm und Sombreros.<\/p>\n","protected":false},"excerpt":{"rendered":"<p>Unser Repertoire ist vielseitig: Country Schlager Hits Evergreens Tanzmusik f\u00fcr Veranstaltungen, Hochzeiten, Vereinsanl\u00e4sse, Geburtstagsfeste, Jubil\u00e4en Unser Repertoire von Countrysongs ist vielseitig und abendf\u00fcllend. Rassige Musik aus&nbsp;Mexiko und Lateinamerika&nbsp;als Einlage (10 Min. bis 2 Std.) oder von Tisch zu Tisch mit Kost\u00fcm und Sombreros.<\/p>\n","protected":false},"author":1,"featured_media":0,"parent":0,"menu_order":20,"comment_status":"closed","ping_status":"closed","template":"","meta":{"footnotes":""},"class_list":["post-6","page","type-page","status-publish","hentry"],"_links":{"self":[{"href":"https:\/\/www.mostosibrothers.ch\/WP\/wp-json\/wp\/v2\/pages\/6","targetHints":{"allow":["GET"]}}],"collection":[{"href":"https:\/\/www.mostosibrothers.ch\/WP\/wp-json\/wp\/v2\/pages"}],"about":[{"href":"https:\/\/www.mostosibrothers.ch\/WP\/wp-json\/wp\/v2\/types\/page"}],"author":[{"embeddable":true,"href":"https:\/\/www.mostosibrothers.ch\/WP\/wp-json\/wp\/v2\/users\/1"}],"replies":[{"embeddable":true,"href":"https:\/\/www.mostosibrothers.ch\/WP\/wp-json\/wp\/v2\/comments?post=6"}],"version-history":[{"count":24,"href":"https:\/\/www.mostosibrothers.ch\/WP\/wp-json\/wp\/v2\/pages\/6\/revisions"}],"predecessor-version":[{"id":618,"href":"https:\/\/www.mostosibrothers.ch\/WP\/wp-json\/wp\/v2\/pages\/6\/revisions\/618"}],"wp:attachment":[{"href":"https:\/\/www.mostosibrothers.ch\/WP\/wp-json\/wp\/v2\/media?parent=6"}],"curies":[{"name":"wp","href":"https:\/\/api.w.org\/{rel}","templated":true}]}}