{"id":4,"date":"2012-12-23T14:05:48","date_gmt":"2012-12-23T12:05:48","guid":{"rendered":"http:\/\/staging.mostosibrothers.ch\/?page_id=4"},"modified":"2026-02-22T00:32:31","modified_gmt":"2026-02-21T22:32:31","slug":"programm","status":"publish","type":"page","link":"https:\/\/www.mostosibrothers.ch\/WP\/","title":{"rendered":"Willkommen"},"content":{"rendered":"\n<p>Wir machen Musik f\u00fcr Jung und Alt.<br>Unsere Tanzmusik begeistert die G\u00e4ste bei der Hochzeitsfeier,<br>beim Jubil\u00e4um oder am Geburtstagsfest.<br>Erfreuen Sie sich \u00fcber Schlager, Country, Evergreens, Oldies und Hits.<\/p>\n\n\n\n<h3 class=\"wp-block-heading has-text-align-left\" id=\"programm-2022\">PROGRAMM 2026<\/h3>\n\n\n\n<p><strong>24. April 2026<\/strong> Privatanlass in Thun, Martin Solo<\/p>\n\n\n\n<p class=\"has-text-align-left\"><strong>1. August 2026 im Duo<\/strong> in Oberried am Brienzersee<\/p>\n\n\n\n<p class=\"has-text-align-left\">Rassige Musik f\u00fcr die Besucher mit den Mostosi Brothers<\/p>\n\n\n\n<p>In Oberried k\u00f6nnen Sie das Feuerwerk um 22 Uhr gleich 2 x sehen.<\/p>\n\n\n\n<p>Vom Schiff aus wird das Feuerwerk bei Iseltwald gez\u00fcndet, anschliessend noch einmal vor Oberried.<\/p>\n\n\n\n<p>Parkpl\u00e4tze bei der Aara und beim Bahnhof Oberried<\/p>\n\n\n\n<p>Herzlich Willkommen im Zelt direkt am See, wir freuen uns.<\/p>\n\n\n\n<p><strong>31. Dezember 2026<\/strong> im Hotel Artos in Interlaken, Martin Solo, Reservation erforderlich <\/p>\n\n\n\n<p><\/p>\n","protected":false},"excerpt":{"rendered":"<p>Wir machen Musik f\u00fcr Jung und Alt.Unsere Tanzmusik begeistert die G\u00e4ste bei der Hochzeitsfeier,beim Jubil\u00e4um oder am Geburtstagsfest.Erfreuen Sie sich \u00fcber Schlager, Country, Evergreens, Oldies und Hits. PROGRAMM 2026 24. April 2026 Privatanlass in Thun, Martin Solo 1. August 2026 im Duo in Oberried am Brienzersee Rassige Musik f\u00fcr die Besucher mit den Mostosi Brothers [&hellip;]<\/p>\n","protected":false},"author":1,"featured_media":0,"parent":0,"menu_order":10,"comment_status":"closed","ping_status":"closed","template":"","meta":{"footnotes":""},"class_list":["post-4","page","type-page","status-publish","hentry"],"_links":{"self":[{"href":"https:\/\/www.mostosibrothers.ch\/WP\/wp-json\/wp\/v2\/pages\/4","targetHints":{"allow":["GET"]}}],"collection":[{"href":"https:\/\/www.mostosibrothers.ch\/WP\/wp-json\/wp\/v2\/pages"}],"about":[{"href":"https:\/\/www.mostosibrothers.ch\/WP\/wp-json\/wp\/v2\/types\/page"}],"author":[{"embeddable":true,"href":"https:\/\/www.mostosibrothers.ch\/WP\/wp-json\/wp\/v2\/users\/1"}],"replies":[{"embeddable":true,"href":"https:\/\/www.mostosibrothers.ch\/WP\/wp-json\/wp\/v2\/comments?post=4"}],"version-history":[{"count":63,"href":"https:\/\/www.mostosibrothers.ch\/WP\/wp-json\/wp\/v2\/pages\/4\/revisions"}],"predecessor-version":[{"id":766,"href":"https:\/\/www.mostosibrothers.ch\/WP\/wp-json\/wp\/v2\/pages\/4\/revisions\/766"}],"wp:attachment":[{"href":"https:\/\/www.mostosibrothers.ch\/WP\/wp-json\/wp\/v2\/media?parent=4"}],"curies":[{"name":"wp","href":"https:\/\/api.w.org\/{rel}","templated":true}]}}