{"id":12,"date":"2012-12-23T14:06:35","date_gmt":"2012-12-23T12:06:35","guid":{"rendered":"http:\/\/staging.mostosibrothers.ch\/?page_id=12"},"modified":"2022-02-01T15:21:57","modified_gmt":"2022-02-01T13:21:57","slug":"portrat-lorenzo","status":"publish","type":"page","link":"https:\/\/www.mostosibrothers.ch\/WP\/portrat-lorenzo\/","title":{"rendered":"Portr\u00e4t Lorenzo"},"content":{"rendered":"\n<p>Nebst der Musik (im Duo oder als Alleinunterhalter) hatte ich fr\u00fcher und bis Ende 2021 noch weitere Hauptbesch\u00e4ftigungen:<\/p>\n\n\n\n<p>Nach der kaufm\u00e4nnischen Lehre beim Reiseveranstalter \u00abWagons-Lits\/Cook\u00bb in Interlaken bin ich in Grindelwald als erster Sportsekret\u00e4r (1969-1972) gew\u00e4hlt worden. Durch verschiedene Kontakte mit internationalen Skistars und weltweiten Organisationen hatte ich das Bed\u00fcrfnis, ferne L\u00e4nder und andere Kontinente kennenzulernen. So bewarb ich mich als Reiseleiter bei Kuoni-Reisen in Z\u00fcrich.<\/p>\n\n\n\n<p>Ich wurde sofort eingestellt und hatte meinen ersten Einsatz als station\u00e4rer City-Manager in Istanbul. Weiter gings mit Stationierungen in Skandinavien, England, Sri Lanka (damals Ceylon) und Kenia. Da ich einige Erfahrung in Extremsituationen aus meiner Pfadfinderzeit hatte, traute ich mir zu, f\u00fcr die Spezialabteilung \u00abAdventure-Tours\u00bb zuerst kleinere, sp\u00e4ter die ganz grossen Reisen zu begleiten. So war ich mit den Tuareg auf dem Kamelr\u00fccken in der Sahara unterwegs, aber auch auf dem Orinoco in Surinam mit Einbaumbooten und im Amazonasgebiet von Ecuador und Peru quer durch den Urwald.<\/p>\n\n\n\n<p>W\u00e4hrend meiner Reiseleiterzeit von 1973 bis 1980 war ich auch l\u00e4ngere Zeit in den USA\/Kanada sowie in Brasilien stationiert und durfte den amerikanischen Kontinent von Alaska bis Feuerland in mehreren Etappen bereisen. So war ich auch 25x auf Galapagos und bin dort seither Ehrenb\u00fcrger. Besonders gut hat es mir in Mexiko gefallen und ich hatte zwischendurch sogar Auswandergedanken.<\/p>\n\n\n\n<p>1981 wurde ich zum Gesch\u00e4ftsf\u00fchrer von Kuoni-Interlaken gew\u00e4hlt und begleitete bis 1993 j\u00e4hrlich eine selbst organisierte Rundreise. Mit Kreuzfahrten im Mittelmeer, Goldsuchen in Alaska und Trekkings in Nepal bis zu 5-w\u00f6chigen S\u00fcdsee-Weltreisen hatte ich damit grossen Erfolg.<\/p>\n\n\n\n<p>Am 1. Juli 1993 bin ich als Direktor vom Spielcasino Interlaken gew\u00e4hlt worden. Da ich kurz darauf mit meinem Bruder ins Musik-Showgesch\u00e4ft einstieg und im 1994 ausserdem noch als Hauptdarsteller Wilhelm Tell bei den Freilichtspielen in Interlaken nominiert war, gab ich den Job im Casino 1996 wieder auf und widmete mich nur noch meinen Hobbys. Den Tell spielte ich von 1994 bis 2007. Nach einer erfolgreichen Saison als Walter F\u00fcrst \u00fcbernahm ich im Jubil\u00e4umsjahr 2012 (100 Jahre Tellspiele Interlaken) die Rolle des Erz\u00e4hlers in der Person als \u201eAlter Tell\u201c. In dieser Rolle stand ich dann noch bis 2015 auf der B\u00fchne.<\/p>\n\n\n\n<figure class=\"wp-block-image\"><a href=\"https:\/\/www.mostosibrothers.ch\/wp-content\/uploads\/lorenzo-alter-tell-2014.jpg\"><img loading=\"lazy\" decoding=\"async\" width=\"500\" height=\"332\" src=\"https:\/\/www.mostosibrothers.ch\/WP\/wp-content\/uploads\/lorenzo-alter-tell-2014.jpg\" alt=\"mostosi brothers aus interlaken, duo, Unterhaltungsmusik, Tanzmusik, Alleinunterhalter\" class=\"wp-image-217\" srcset=\"https:\/\/www.mostosibrothers.ch\/WP\/wp-content\/uploads\/lorenzo-alter-tell-2014.jpg 500w, https:\/\/www.mostosibrothers.ch\/WP\/wp-content\/uploads\/lorenzo-alter-tell-2014-300x199.jpg 300w\" sizes=\"auto, (max-width: 500px) 100vw, 500px\" \/><\/a><\/figure>\n\n\n\n<p>Von 2006 bis 2021 bot ich Rundfahrten mit einem Nostalgie-B\u00e4hnli durch die drei \u201eB\u00f6deli-Gemeinden\u201c Interlaken, Matten und Unterseen an, das war eine sch\u00f6ne und erfolgreiche Zeit. Anfangs 2022 habe ich die B\u00f6delibahn in den Kosovo verkauft, da in Interlaken zuk\u00fcnftig nur noch mit einem Elektrozug gefahren werden darf.<\/p>\n\n\n\n<figure class=\"wp-block-image is-resized\"><a href=\"https:\/\/www.mostosibrothers.ch\/wp-content\/uploads\/Boedelibahn-interlaken.jpg\"><img loading=\"lazy\" decoding=\"async\" src=\"https:\/\/www.mostosibrothers.ch\/WP\/wp-content\/uploads\/Boedelibahn-interlaken.jpg\" alt=\"boedelibahn-interlaken\" class=\"wp-image-222\" width=\"504\" height=\"273\" srcset=\"https:\/\/www.mostosibrothers.ch\/WP\/wp-content\/uploads\/Boedelibahn-interlaken.jpg 500w, https:\/\/www.mostosibrothers.ch\/WP\/wp-content\/uploads\/Boedelibahn-interlaken-300x162.jpg 300w\" sizes=\"auto, (max-width: 504px) 100vw, 504px\" \/><\/a><\/figure>\n\n\n\n<p>Weitere Hobbies sind die attraktive Modelleisenbahnanlage, das Heimkino, die Briefmarkensammlung, zwei Biotope und ein Sprudelbad vor dem Haus sowie ab und zu ein Engagement als Schauspieler in der Film- und Werbebranche (Ricola, AXA-Nova, Emmi etc.).<\/p>\n\n\n\n<hr class=\"wp-block-separator\"\/>\n\n\n\n<figure class=\"wp-block-image size-full is-resized\"><img loading=\"lazy\" decoding=\"async\" src=\"https:\/\/www.mostosibrothers.ch\/WP\/wp-content\/uploads\/2022\/02\/Chruetermannli.jpg\" alt=\"\" class=\"wp-image-602\" width=\"500\" height=\"375\" srcset=\"https:\/\/www.mostosibrothers.ch\/WP\/wp-content\/uploads\/2022\/02\/Chruetermannli.jpg 900w, https:\/\/www.mostosibrothers.ch\/WP\/wp-content\/uploads\/2022\/02\/Chruetermannli-300x225.jpg 300w, https:\/\/www.mostosibrothers.ch\/WP\/wp-content\/uploads\/2022\/02\/Chruetermannli-768x576.jpg 768w\" sizes=\"auto, (max-width: 500px) 100vw, 500px\" \/><\/figure>\n","protected":false},"excerpt":{"rendered":"<p>Nebst der Musik (im Duo oder als Alleinunterhalter) hatte ich fr\u00fcher und bis Ende 2021 noch weitere Hauptbesch\u00e4ftigungen: Nach der kaufm\u00e4nnischen Lehre beim Reiseveranstalter \u00abWagons-Lits\/Cook\u00bb in Interlaken bin ich in Grindelwald als erster Sportsekret\u00e4r (1969-1972) gew\u00e4hlt worden. Durch verschiedene Kontakte mit internationalen Skistars und weltweiten Organisationen hatte ich das Bed\u00fcrfnis, ferne L\u00e4nder und andere Kontinente [&hellip;]<\/p>\n","protected":false},"author":1,"featured_media":0,"parent":0,"menu_order":50,"comment_status":"closed","ping_status":"closed","template":"","meta":{"footnotes":""},"class_list":["post-12","page","type-page","status-publish","hentry"],"_links":{"self":[{"href":"https:\/\/www.mostosibrothers.ch\/WP\/wp-json\/wp\/v2\/pages\/12","targetHints":{"allow":["GET"]}}],"collection":[{"href":"https:\/\/www.mostosibrothers.ch\/WP\/wp-json\/wp\/v2\/pages"}],"about":[{"href":"https:\/\/www.mostosibrothers.ch\/WP\/wp-json\/wp\/v2\/types\/page"}],"author":[{"embeddable":true,"href":"https:\/\/www.mostosibrothers.ch\/WP\/wp-json\/wp\/v2\/users\/1"}],"replies":[{"embeddable":true,"href":"https:\/\/www.mostosibrothers.ch\/WP\/wp-json\/wp\/v2\/comments?post=12"}],"version-history":[{"count":20,"href":"https:\/\/www.mostosibrothers.ch\/WP\/wp-json\/wp\/v2\/pages\/12\/revisions"}],"predecessor-version":[{"id":604,"href":"https:\/\/www.mostosibrothers.ch\/WP\/wp-json\/wp\/v2\/pages\/12\/revisions\/604"}],"wp:attachment":[{"href":"https:\/\/www.mostosibrothers.ch\/WP\/wp-json\/wp\/v2\/media?parent=12"}],"curies":[{"name":"wp","href":"https:\/\/api.w.org\/{rel}","templated":true}]}}