{"id":10,"date":"2012-12-23T14:06:22","date_gmt":"2012-12-23T12:06:22","guid":{"rendered":"http:\/\/staging.mostosibrothers.ch\/?page_id=10"},"modified":"2022-02-01T15:34:26","modified_gmt":"2022-02-01T13:34:26","slug":"portrat-martin","status":"publish","type":"page","link":"https:\/\/www.mostosibrothers.ch\/WP\/portrat-martin\/","title":{"rendered":"Portr\u00e4t Martin"},"content":{"rendered":"\n<p>Seit rund 50 Jahren bin ich nun im Show-Gesch\u00e4ft, wobei es mit Musizieren schon<br>w\u00e4hrend der Schulzeit begann. Erst lernte ich die Gitarre spielen, sp\u00e4ter brachte<br>ich mir autodidaktisch das Spielen auf Tasteninstrumenten bei.<br>In den 60er Jahren rockten mein Bruder und ich in verschiedenen Musikformationen<br>auf Schweizerb\u00fchnen.<br>Ein Jahr nach meiner Lehrzeit als Maler und Schriftengrafiker wechselte ich den Job<br>und begann als Alleinunterhalter zu musizieren.<\/p>\n\n\n\n<figure class=\"wp-block-image\"><a href=\"http:\/\/staging.mostosibrothers.ch\/wp-content\/uploads\/martin-mostosibrothers.jpg\"><img loading=\"lazy\" decoding=\"async\" width=\"316\" height=\"400\" src=\"http:\/\/staging.mostosibrothers.ch\/wp-content\/uploads\/martin-mostosibrothers.jpg\" alt=\"mostosi brothers aus interlaken, duo, Unterhaltungsmusik, Tanzmusik, Alleinunterhalter\" class=\"wp-image-219\" srcset=\"https:\/\/www.mostosibrothers.ch\/WP\/wp-content\/uploads\/martin-mostosibrothers.jpg 316w, https:\/\/www.mostosibrothers.ch\/WP\/wp-content\/uploads\/martin-mostosibrothers-237x300.jpg 237w\" sizes=\"auto, (max-width: 316px) 100vw, 316px\" \/><\/a><\/figure>\n\n\n\n<p>Bald darauf beschloss ich im Duo aufzutreten und spielte mit Musikkollegen in<br>Dancings und Nightclubs.<br>Seit 1993 spiele ich wieder mit meinem Bruder als Semi-Profi.<\/p>\n\n\n\n<div class=\"wp-block-image\"><figure class=\"alignleft\"><img loading=\"lazy\" decoding=\"async\" width=\"1000\" height=\"688\" src=\"http:\/\/staging.mostosibrothers.ch\/wp-content\/uploads\/2017\/01\/MG_1178WEB.jpg\" alt=\"Gem\u00e4lde, Martin Mostosi, Unterseen, Klangseelen Spaziergang\" class=\"wp-image-413\" srcset=\"https:\/\/www.mostosibrothers.ch\/WP\/wp-content\/uploads\/2017\/01\/MG_1178WEB.jpg 1000w, https:\/\/www.mostosibrothers.ch\/WP\/wp-content\/uploads\/2017\/01\/MG_1178WEB-300x206.jpg 300w, https:\/\/www.mostosibrothers.ch\/WP\/wp-content\/uploads\/2017\/01\/MG_1178WEB-768x528.jpg 768w\" sizes=\"auto, (max-width: 1000px) 100vw, 1000px\" \/><\/figure><\/div>\n\n\n\n<p><br><br>Die Kunstmalerei habe ich w\u00e4hrend all den Jahren nicht vernachl\u00e4ssigt.<br>Ich besitze daf\u00fcr eine eigene Website. <a rel=\"noopener\" href=\"https:\/\/www.art-mostosi.ch\" target=\"_blank\">www.art-mostosi.ch<br><\/a>schaut doch mal rein!<\/p>\n","protected":false},"excerpt":{"rendered":"<p>Seit rund 50 Jahren bin ich nun im Show-Gesch\u00e4ft, wobei es mit Musizieren schonw\u00e4hrend der Schulzeit begann. Erst lernte ich die Gitarre spielen, sp\u00e4ter brachteich mir autodidaktisch das Spielen auf Tasteninstrumenten bei.In den 60er Jahren rockten mein Bruder und ich in verschiedenen Musikformationenauf Schweizerb\u00fchnen.Ein Jahr nach meiner Lehrzeit als Maler und Schriftengrafiker wechselte ich den [&hellip;]<\/p>\n","protected":false},"author":1,"featured_media":0,"parent":0,"menu_order":40,"comment_status":"closed","ping_status":"closed","template":"","meta":{"footnotes":""},"class_list":["post-10","page","type-page","status-publish","hentry"],"_links":{"self":[{"href":"https:\/\/www.mostosibrothers.ch\/WP\/wp-json\/wp\/v2\/pages\/10","targetHints":{"allow":["GET"]}}],"collection":[{"href":"https:\/\/www.mostosibrothers.ch\/WP\/wp-json\/wp\/v2\/pages"}],"about":[{"href":"https:\/\/www.mostosibrothers.ch\/WP\/wp-json\/wp\/v2\/types\/page"}],"author":[{"embeddable":true,"href":"https:\/\/www.mostosibrothers.ch\/WP\/wp-json\/wp\/v2\/users\/1"}],"replies":[{"embeddable":true,"href":"https:\/\/www.mostosibrothers.ch\/WP\/wp-json\/wp\/v2\/comments?post=10"}],"version-history":[{"count":25,"href":"https:\/\/www.mostosibrothers.ch\/WP\/wp-json\/wp\/v2\/pages\/10\/revisions"}],"predecessor-version":[{"id":619,"href":"https:\/\/www.mostosibrothers.ch\/WP\/wp-json\/wp\/v2\/pages\/10\/revisions\/619"}],"wp:attachment":[{"href":"https:\/\/www.mostosibrothers.ch\/WP\/wp-json\/wp\/v2\/media?parent=10"}],"curies":[{"name":"wp","href":"https:\/\/api.w.org\/{rel}","templated":true}]}}